{"id":59,"date":"2026-03-10T17:09:45","date_gmt":"2026-03-10T17:09:45","guid":{"rendered":"https:\/\/divinporcello.hu\/staging\/?page_id=59"},"modified":"2026-03-22T17:06:36","modified_gmt":"2026-03-22T17:06:36","slug":"asztalfoglalas","status":"publish","type":"page","link":"https:\/\/bistrodivin.hu\/en\/asztalfoglalas\/","title":{"rendered":"Reservation"},"content":{"rendered":"\t\t<div data-elementor-type=\"wp-page\" data-elementor-id=\"59\" class=\"elementor elementor-59\" data-elementor-post-type=\"page\">\n\t\t\t\t<div class=\"elementor-element elementor-element-6a6efd7 e-flex e-con-boxed e-con e-parent\" data-id=\"6a6efd7\" data-element_type=\"container\" data-e-type=\"container\">\n\t\t\t\t\t<div class=\"e-con-inner\">\n\t\t\t\t<div class=\"elementor-element elementor-element-cf31459 elementor-widget elementor-widget-heading\" data-id=\"cf31459\" data-element_type=\"widget\" data-e-type=\"widget\" data-widget_type=\"heading.default\">\n\t\t\t\t\t<h2 class=\"elementor-heading-title elementor-size-default\">Asztalfoglal\u00e1s<\/h2>\t\t\t\t<\/div>\n\t\t\t\t<div class=\"elementor-element elementor-element-540035b elementor-widget elementor-widget-html\" data-id=\"540035b\" data-element_type=\"widget\" data-e-type=\"widget\" data-widget_type=\"html.default\">\n\t\t\t\t\t<div id=\"hors-hydra-11245050-989e-11ec-a524-bfddfa8951cf\"><\/div>\n<script>\n        var _hors = [\n            ['eid', 'hydra-11245050-989e-11ec-a524-bfddfa8951cf'],\n            ['tagid', 'hors-hydra-11245050-989e-11ec-a524-bfddfa8951cf'],\n            ['width', '100%'],\n            ['height', '500px'],  \/\/ Magass\u00e1g be\u00e1ll\u00edt\u00e1sa\n            ['foregroundColor', '#000000'],\n            ['backgroundColor', '#FFFFFF'],\n            ['linkColor', '#000000'],  \/\/ Dish arany sz\u00edne\n            ['errorColor', '#ff0000'],\n            ['primaryButtonForegroundColor', '#FFFFFF'],\n            ['primaryButtonBackgroundColor', '#000'],\n            ['secondaryButtonForegroundColor', '#000000'],\n            ['secondaryButtonBackgroundColor', '#e1a028']\n        ];\n    \n        (function(d, t) {\n            var e = d.createElement(t), s = d.getElementsByTagName(t)[0];\n            e.src = \"https:\/\/reservation.dish.co\/widget.js\";\n            s.parentNode.insertBefore(e, s);\n        }(document, 'script'));\n    <\/script>\t\t\t\t<\/div>\n\t\t\t\t\t<\/div>\n\t\t\t\t<\/div>\n\t\t\t\t<\/div>\n\t\t","protected":false},"excerpt":{"rendered":"<p>Reservation<\/p>","protected":false},"author":1,"featured_media":0,"parent":0,"menu_order":0,"comment_status":"closed","ping_status":"closed","template":"","meta":{"footnotes":""},"class_list":["post-59","page","type-page","status-publish","hentry"],"yoast_head":"<!-- This site is optimized with the Yoast SEO plugin v27.4 - https:\/\/yoast.com\/product\/yoast-seo-wordpress\/ -->\n<title>Asztalfoglal\u00e1s - BISTRO DiViN<\/title>\n<meta name=\"robots\" content=\"index, follow, max-snippet:-1, max-image-preview:large, max-video-preview:-1\" \/>\n<link rel=\"canonical\" href=\"https:\/\/bistrodivin.hu\/en\/asztalfoglalas\/\" \/>\n<meta property=\"og:locale\" content=\"en_US\" \/>\n<meta property=\"og:type\" content=\"article\" \/>\n<meta property=\"og:title\" content=\"Asztalfoglal\u00e1s - BISTRO DiViN\" \/>\n<meta property=\"og:description\" content=\"Asztalfoglal\u00e1s\" \/>\n<meta property=\"og:url\" content=\"https:\/\/bistrodivin.hu\/en\/asztalfoglalas\/\" \/>\n<meta property=\"og:site_name\" content=\"BISTRO DiViN\" \/>\n<meta property=\"article:modified_time\" content=\"2026-03-22T17:06:36+00:00\" \/>\n<meta property=\"og:image\" content=\"https:\/\/bistrodivin.hu\/wp-content\/uploads\/2026\/03\/etterem_banner.jpg\" \/>\n\t<meta property=\"og:image:width\" content=\"2048\" \/>\n\t<meta property=\"og:image:height\" content=\"2048\" \/>\n\t<meta property=\"og:image:type\" content=\"image\/jpeg\" \/>\n<meta name=\"twitter:card\" content=\"summary_large_image\" \/>\n<meta name=\"twitter:label1\" content=\"Est. reading time\" \/>\n\t<meta name=\"twitter:data1\" content=\"1 minute\" \/>\n<script type=\"application\/ld+json\" class=\"yoast-schema-graph\">{\"@context\":\"https:\\\/\\\/schema.org\",\"@graph\":[{\"@type\":\"WebPage\",\"@id\":\"https:\\\/\\\/bistrodivin.hu\\\/asztalfoglalas\\\/\",\"url\":\"https:\\\/\\\/bistrodivin.hu\\\/asztalfoglalas\\\/\",\"name\":\"Asztalfoglal\u00e1s - BISTRO DiViN\",\"isPartOf\":{\"@id\":\"https:\\\/\\\/bistrodivin.hu\\\/#website\"},\"datePublished\":\"2026-03-10T17:09:45+00:00\",\"dateModified\":\"2026-03-22T17:06:36+00:00\",\"breadcrumb\":{\"@id\":\"https:\\\/\\\/bistrodivin.hu\\\/asztalfoglalas\\\/#breadcrumb\"},\"inLanguage\":\"en-US\",\"potentialAction\":[{\"@type\":\"ReadAction\",\"target\":[\"https:\\\/\\\/bistrodivin.hu\\\/asztalfoglalas\\\/\"]}]},{\"@type\":\"BreadcrumbList\",\"@id\":\"https:\\\/\\\/bistrodivin.hu\\\/asztalfoglalas\\\/#breadcrumb\",\"itemListElement\":[{\"@type\":\"ListItem\",\"position\":1,\"name\":\"Home\",\"item\":\"https:\\\/\\\/bistrodivin.hu\\\/\"},{\"@type\":\"ListItem\",\"position\":2,\"name\":\"Asztalfoglal\u00e1s\"}]},{\"@type\":\"WebSite\",\"@id\":\"https:\\\/\\\/bistrodivin.hu\\\/#website\",\"url\":\"https:\\\/\\\/bistrodivin.hu\\\/\",\"name\":\"BISTRO DiViN\",\"description\":\"R\u00e9gi hely. \u00daj fejezet.\",\"publisher\":{\"@id\":\"https:\\\/\\\/bistrodivin.hu\\\/#organization\"},\"potentialAction\":[{\"@type\":\"SearchAction\",\"target\":{\"@type\":\"EntryPoint\",\"urlTemplate\":\"https:\\\/\\\/bistrodivin.hu\\\/?s={search_term_string}\"},\"query-input\":{\"@type\":\"PropertyValueSpecification\",\"valueRequired\":true,\"valueName\":\"search_term_string\"}}],\"inLanguage\":\"en-US\"},{\"@type\":\"Organization\",\"@id\":\"https:\\\/\\\/bistrodivin.hu\\\/#organization\",\"name\":\"BISTRO DiViN\",\"url\":\"https:\\\/\\\/bistrodivin.hu\\\/\",\"logo\":{\"@type\":\"ImageObject\",\"inLanguage\":\"en-US\",\"@id\":\"https:\\\/\\\/bistrodivin.hu\\\/#\\\/schema\\\/logo\\\/image\\\/\",\"url\":\"https:\\\/\\\/bistrodivin.hu\\\/wp-content\\\/uploads\\\/2026\\\/03\\\/BistroDivin_LOGOK-FF_01_1000.png\",\"contentUrl\":\"https:\\\/\\\/bistrodivin.hu\\\/wp-content\\\/uploads\\\/2026\\\/03\\\/BistroDivin_LOGOK-FF_01_1000.png\",\"width\":1000,\"height\":489,\"caption\":\"BISTRO DiViN\"},\"image\":{\"@id\":\"https:\\\/\\\/bistrodivin.hu\\\/#\\\/schema\\\/logo\\\/image\\\/\"}}]}<\/script>\n<!-- \/ Yoast SEO plugin. -->","yoast_head_json":{"title":"Asztalfoglal\u00e1s - BISTRO DiViN","robots":{"index":"index","follow":"follow","max-snippet":"max-snippet:-1","max-image-preview":"max-image-preview:large","max-video-preview":"max-video-preview:-1"},"canonical":"https:\/\/bistrodivin.hu\/en\/asztalfoglalas\/","og_locale":"en_US","og_type":"article","og_title":"Asztalfoglal\u00e1s - BISTRO DiViN","og_description":"Asztalfoglal\u00e1s","og_url":"https:\/\/bistrodivin.hu\/en\/asztalfoglalas\/","og_site_name":"BISTRO DiViN","article_modified_time":"2026-03-22T17:06:36+00:00","og_image":[{"width":2048,"height":2048,"url":"https:\/\/bistrodivin.hu\/wp-content\/uploads\/2026\/03\/etterem_banner.jpg","type":"image\/jpeg"}],"twitter_card":"summary_large_image","twitter_misc":{"Est. reading time":"1 minute"},"schema":{"@context":"https:\/\/schema.org","@graph":[{"@type":"WebPage","@id":"https:\/\/bistrodivin.hu\/asztalfoglalas\/","url":"https:\/\/bistrodivin.hu\/asztalfoglalas\/","name":"Asztalfoglal\u00e1s - BISTRO DiViN","isPartOf":{"@id":"https:\/\/bistrodivin.hu\/#website"},"datePublished":"2026-03-10T17:09:45+00:00","dateModified":"2026-03-22T17:06:36+00:00","breadcrumb":{"@id":"https:\/\/bistrodivin.hu\/asztalfoglalas\/#breadcrumb"},"inLanguage":"en-US","potentialAction":[{"@type":"ReadAction","target":["https:\/\/bistrodivin.hu\/asztalfoglalas\/"]}]},{"@type":"BreadcrumbList","@id":"https:\/\/bistrodivin.hu\/asztalfoglalas\/#breadcrumb","itemListElement":[{"@type":"ListItem","position":1,"name":"Home","item":"https:\/\/bistrodivin.hu\/"},{"@type":"ListItem","position":2,"name":"Asztalfoglal\u00e1s"}]},{"@type":"WebSite","@id":"https:\/\/bistrodivin.hu\/#website","url":"https:\/\/bistrodivin.hu\/","name":"BISTRO DiViN","description":"Same place. New chapter.","publisher":{"@id":"https:\/\/bistrodivin.hu\/#organization"},"potentialAction":[{"@type":"SearchAction","target":{"@type":"EntryPoint","urlTemplate":"https:\/\/bistrodivin.hu\/?s={search_term_string}"},"query-input":{"@type":"PropertyValueSpecification","valueRequired":true,"valueName":"search_term_string"}}],"inLanguage":"en-US"},{"@type":"Organization","@id":"https:\/\/bistrodivin.hu\/#organization","name":"BISTRO DiViN","url":"https:\/\/bistrodivin.hu\/","logo":{"@type":"ImageObject","inLanguage":"en-US","@id":"https:\/\/bistrodivin.hu\/#\/schema\/logo\/image\/","url":"https:\/\/bistrodivin.hu\/wp-content\/uploads\/2026\/03\/BistroDivin_LOGOK-FF_01_1000.png","contentUrl":"https:\/\/bistrodivin.hu\/wp-content\/uploads\/2026\/03\/BistroDivin_LOGOK-FF_01_1000.png","width":1000,"height":489,"caption":"BISTRO DiViN"},"image":{"@id":"https:\/\/bistrodivin.hu\/#\/schema\/logo\/image\/"}}]}},"_links":{"self":[{"href":"https:\/\/bistrodivin.hu\/en\/wp-json\/wp\/v2\/pages\/59","targetHints":{"allow":["GET"]}}],"collection":[{"href":"https:\/\/bistrodivin.hu\/en\/wp-json\/wp\/v2\/pages"}],"about":[{"href":"https:\/\/bistrodivin.hu\/en\/wp-json\/wp\/v2\/types\/page"}],"author":[{"embeddable":true,"href":"https:\/\/bistrodivin.hu\/en\/wp-json\/wp\/v2\/users\/1"}],"replies":[{"embeddable":true,"href":"https:\/\/bistrodivin.hu\/en\/wp-json\/wp\/v2\/comments?post=59"}],"version-history":[{"count":26,"href":"https:\/\/bistrodivin.hu\/en\/wp-json\/wp\/v2\/pages\/59\/revisions"}],"predecessor-version":[{"id":361,"href":"https:\/\/bistrodivin.hu\/en\/wp-json\/wp\/v2\/pages\/59\/revisions\/361"}],"wp:attachment":[{"href":"https:\/\/bistrodivin.hu\/en\/wp-json\/wp\/v2\/media?parent=59"}],"curies":[{"name":"wp","href":"https:\/\/api.w.org\/{rel}","templated":true}]}}