{"id":9,"date":"2026-03-10T16:04:04","date_gmt":"2026-03-10T16:04:04","guid":{"rendered":"https:\/\/divinporcello.hu\/staging\/?page_id=9"},"modified":"2026-03-13T13:24:54","modified_gmt":"2026-03-13T13:24:54","slug":"kezdolap","status":"publish","type":"page","link":"https:\/\/bistrodivin.hu\/en\/","title":{"rendered":"Kezd\u0151lap"},"content":{"rendered":"\t\t<div data-elementor-type=\"wp-page\" data-elementor-id=\"9\" class=\"elementor elementor-9\" data-elementor-post-type=\"page\">\n\t\t\t\t<div class=\"elementor-element elementor-element-ae5ce73 e-con-full e-flex e-con e-parent\" data-id=\"ae5ce73\" data-element_type=\"container\" data-e-type=\"container\">\n\t\t<a class=\"elementor-element elementor-element-91421e1 e-con-full etterem-banner e-flex e-con e-child\" data-id=\"91421e1\" data-element_type=\"container\" data-e-type=\"container\" data-settings=\"{&quot;background_background&quot;:&quot;classic&quot;}\" href=\"https:\/\/bistrodivin.hu\/#rolunk\">\n\t\t\t\t<div class=\"elementor-element elementor-element-896b51c elementor-widget elementor-widget-heading\" data-id=\"896b51c\" data-element_type=\"widget\" data-e-type=\"widget\" data-widget_type=\"heading.default\">\n\t\t\t\t\t<h2 class=\"elementor-heading-title elementor-size-default\">Bistro<\/h2>\t\t\t\t<\/div>\n\t\t\t\t<\/a>\n\t\t<a class=\"elementor-element elementor-element-175906a e-con-full pekseg-banner e-flex e-con e-child\" data-id=\"175906a\" data-element_type=\"container\" data-e-type=\"container\" data-settings=\"{&quot;background_background&quot;:&quot;classic&quot;,&quot;animation&quot;:&quot;none&quot;}\" href=\"https:\/\/bistrodivin.hu\/#rolunk\">\n\t\t\t\t<div class=\"elementor-element elementor-element-2127bac elementor-widget elementor-widget-heading\" data-id=\"2127bac\" data-element_type=\"widget\" data-e-type=\"widget\" data-widget_type=\"heading.default\">\n\t\t\t\t\t<h2 class=\"elementor-heading-title elementor-size-default\">Sonkab\u00e1r<\/h2>\t\t\t\t<\/div>\n\t\t\t\t<\/a>\n\t\t<a class=\"elementor-element elementor-element-811943b e-con-full pekseg-banner e-flex e-con e-child\" data-id=\"811943b\" data-element_type=\"container\" data-e-type=\"container\" data-settings=\"{&quot;background_background&quot;:&quot;classic&quot;,&quot;animation&quot;:&quot;none&quot;}\" href=\"https:\/\/bistrodivin.hu\/#pekseg\">\n\t\t\t\t<div class=\"elementor-element elementor-element-07a5e15 elementor-widget elementor-widget-heading\" data-id=\"07a5e15\" data-element_type=\"widget\" data-e-type=\"widget\" data-widget_type=\"heading.default\">\n\t\t\t\t\t<h2 class=\"elementor-heading-title elementor-size-default\">P\u00e9ks\u00e9g<\/h2>\t\t\t\t<\/div>\n\t\t\t\t<\/a>\n\t\t\t\t<\/div>\n\t\t<div class=\"elementor-element elementor-element-f1301c5 e-flex e-con-boxed e-con e-parent\" data-id=\"f1301c5\" data-element_type=\"container\" data-e-type=\"container\" id=\"rolunk\">\n\t\t\t\t\t<div class=\"e-con-inner\">\n\t\t<div class=\"elementor-element elementor-element-f95dd1e e-con-full e-flex e-con e-child\" data-id=\"f95dd1e\" data-element_type=\"container\" data-e-type=\"container\">\n\t\t\t\t<div class=\"elementor-element elementor-element-285a1bf elementor-widget elementor-widget-image\" data-id=\"285a1bf\" data-element_type=\"widget\" data-e-type=\"widget\" data-widget_type=\"image.default\">\n\t\t\t\t\t\t\t\t\t\t\t\t\t\t\t<img fetchpriority=\"high\" decoding=\"async\" width=\"1920\" height=\"1080\" src=\"https:\/\/bistrodivin.hu\/wp-content\/uploads\/2026\/03\/rolunk-1.webp\" class=\"attachment-full size-full wp-image-335\" alt=\"\" srcset=\"https:\/\/bistrodivin.hu\/wp-content\/uploads\/2026\/03\/rolunk-1.webp 1920w, https:\/\/bistrodivin.hu\/wp-content\/uploads\/2026\/03\/rolunk-1-300x169.webp 300w, https:\/\/bistrodivin.hu\/wp-content\/uploads\/2026\/03\/rolunk-1-1024x576.webp 1024w, https:\/\/bistrodivin.hu\/wp-content\/uploads\/2026\/03\/rolunk-1-768x432.webp 768w, https:\/\/bistrodivin.hu\/wp-content\/uploads\/2026\/03\/rolunk-1-1536x864.webp 1536w, https:\/\/bistrodivin.hu\/wp-content\/uploads\/2026\/03\/rolunk-1-18x10.webp 18w\" sizes=\"(max-width: 1920px) 100vw, 1920px\" \/>\t\t\t\t\t\t\t\t\t\t\t\t\t\t\t<\/div>\n\t\t\t\t<\/div>\n\t\t<div class=\"elementor-element elementor-element-0ed19a0 e-con-full e-flex e-con e-child\" data-id=\"0ed19a0\" data-element_type=\"container\" data-e-type=\"container\">\n\t\t\t\t<div class=\"elementor-element elementor-element-f2a9f8c elementor-widget elementor-widget-heading\" data-id=\"f2a9f8c\" data-element_type=\"widget\" data-e-type=\"widget\" data-widget_type=\"heading.default\">\n\t\t\t\t\t<h2 class=\"elementor-heading-title elementor-size-default\">Filoz\u00f3fi\u00e1nk<\/h2>\t\t\t\t<\/div>\n\t\t\t\t<div class=\"elementor-element elementor-element-7e43623 elementor-widget elementor-widget-text-editor\" data-id=\"7e43623\" data-element_type=\"widget\" data-e-type=\"widget\" data-widget_type=\"text-editor.default\">\n\t\t\t\t\t\t\t\t\t<p style=\"font-weight: 400;\">2012-ben nyitottuk meg \u00e9tterm\u00fcnk ajtaj\u00e1t DiVin Porcello n\u00e9ven \u00e9s az\u00f3ta Vend\u00e9geinkkel egy\u00fctt \u00edrtuk a t\u00f6rt\u00e9net\u00fcnket.<\/p><p style=\"font-weight: 400;\">K\u00f6zel m\u00e1sf\u00e9l \u00e9vtized ut\u00e1n \u00fagy \u00e9rezt\u00fck, ideje \u00faj fejezetet nyitni, \u00edgy 2026 tavasz\u00e1t\u00f3l \u00faj arculattal \u00e9s koncepci\u00f3val t\u00e9r\u00fcnk vissza:\u00a0<strong>BISTRO DiViN\u00a0<\/strong>n\u00e9ven.<\/p><p style=\"font-weight: 400;\">A megszokott helyen, \u00faj k\u00f6nt\u00f6sben v\u00e1runk: laz\u00e1bb, bisztr\u00f3s fog\u00e1sokkal \u00e9s havonta meg\u00fajul\u00f3 k\u00edn\u00e1lattal. Sonkab\u00e1runk r\u00e9gi \u00e9s \u00faj Vend\u00e9geinket egyar\u00e1nt v\u00e1rja, ahol pr\u00e9mium olasz, spanyol \u00e9s magyar mangalica k\u00fcl\u00f6nlegess\u00e9geinket meg\u00fajult \u00f6ssze\u00e1ll\u00edt\u00e1sban fedezhetik fel. A hagyom\u00e1nyokat megtartjuk friss alapanyagokkal, szezon\u00e1lis \u00f6tletekkel \u00e9s j\u00e1t\u00e9kos kreativit\u00e1ssal kieg\u00e9sz\u00edtve.<\/p><p style=\"font-weight: 400;\">Ami nem v\u00e1ltozik: a szenved\u00e9ly\u00fcnk a j\u00f3 \u00e9telek \u00e9s a Vend\u00e9geink ir\u00e1nt.<\/p><p style=\"font-weight: 400;\">Tal\u00e1lkozunk a BISTRO DiViN-ben!<\/p>\t\t\t\t\t\t\t\t<\/div>\n\t\t\t\t<\/div>\n\t\t\t\t\t<\/div>\n\t\t\t\t<\/div>\n\t\t<div class=\"elementor-element elementor-element-1073ad9 e-con-full e-flex e-con e-parent\" data-id=\"1073ad9\" data-element_type=\"container\" data-e-type=\"container\">\n\t\t\t\t<div class=\"elementor-element elementor-element-e6d4513 elementor-widget elementor-widget-html\" data-id=\"e6d4513\" data-element_type=\"widget\" data-e-type=\"widget\" data-widget_type=\"html.default\">\n\t\t\t\t\t<iframe\n            src=\"https:\/\/www.google.com\/maps?q=Divin+Porcello+%C3%89tterem,+Budapest,+Ap%C3%A1czai+Csere+J%C3%A1nos+utca&output=embed\"\n            allowfullscreen\n            loading=\"lazy\"\n            class=\"etterem-terkep\">\n        <\/iframe>\t\t\t\t<\/div>\n\t\t\t\t<\/div>\n\t\t<div class=\"elementor-element elementor-element-02015f4 e-flex e-con-boxed e-con e-parent\" data-id=\"02015f4\" data-element_type=\"container\" data-e-type=\"container\" id=\"pekseg\">\n\t\t\t\t\t<div class=\"e-con-inner\">\n\t\t<div class=\"elementor-element elementor-element-ae5fcf3 e-con-full e-flex e-con e-child\" data-id=\"ae5fcf3\" data-element_type=\"container\" data-e-type=\"container\" data-settings=\"{&quot;background_background&quot;:&quot;classic&quot;}\">\n\t\t\t\t<\/div>\n\t\t<div class=\"elementor-element elementor-element-5eb3746 e-con-full e-flex e-con e-child\" data-id=\"5eb3746\" data-element_type=\"container\" data-e-type=\"container\">\n\t\t\t\t<div class=\"elementor-element elementor-element-7784c1f elementor-widget elementor-widget-heading\" data-id=\"7784c1f\" data-element_type=\"widget\" data-e-type=\"widget\" data-widget_type=\"heading.default\">\n\t\t\t\t\t<h2 class=\"elementor-heading-title elementor-size-default\">P\u00e9ks\u00e9g\u00fcnk<\/h2>\t\t\t\t<\/div>\n\t\t\t\t<div class=\"elementor-element elementor-element-0d286d0 elementor-widget elementor-widget-text-editor\" data-id=\"0d286d0\" data-element_type=\"widget\" data-e-type=\"widget\" data-widget_type=\"text-editor.default\">\n\t\t\t\t\t\t\t\t\t<p style=\"font-weight: 400;\">A Jacques Liszt K\u00e9zm\u0171ves P\u00e9ks\u00e9g a hagyom\u00e1nyos p\u00e9kipar \u00e9s a modern gasztron\u00f3mia tal\u00e1lkoz\u00e1s\u00e1nak t\u00f6k\u00e9letes p\u00e9ld\u00e1ja. Frissen s\u00fct\u00f6tt kenyereink \u00e9s p\u00e9ks\u00fctem\u00e9nyeink a legfinomabb alapanyagokb\u00f3l, nagy odafigyel\u00e9ssel \u00e9s szak\u00e9rtelemmel k\u00e9sz\u00fclnek. K\u00edn\u00e1latunkban megtal\u00e1lhat\u00f3ak a ropog\u00f3s kov\u00e1szos kenyerek, a gazdag \u00edzvil\u00e1g\u00fa p\u00e9k\u00e1ruk \u00e9s az \u00e9des finoms\u00e1gok, melyek minden falatban a gondos el\u0151k\u00e9sz\u00edt\u00e9st \u00e9s a szenved\u00e9lyt t\u00fckr\u00f6zik. P\u00e9ks\u00e9g\u00fcnkben a hagyom\u00e1nyos recept\u00far\u00e1kat \u00f6tv\u00f6zz\u00fck modern technik\u00e1kkal, hogy vend\u00e9geink sz\u00e1m\u00e1ra felejthetetlen \u00edz\u00e9lm\u00e9nyt ny\u00fajtsunk. Legyen sz\u00f3 egy reggeli croissantr\u00f3l vagy egy d\u00e9lut\u00e1ni friss keny\u00e9rr\u0151l, n\u00e1lunk mindig a min\u0151s\u00e9g \u00e9s a frissess\u00e9g ker\u00fcl az asztalra.<\/p>\t\t\t\t\t\t\t\t<\/div>\n\t\t\t\t<\/div>\n\t\t\t\t\t<\/div>\n\t\t\t\t<\/div>\n\t\t<div class=\"elementor-element elementor-element-092532d e-con-full e-flex e-con e-parent\" data-id=\"092532d\" data-element_type=\"container\" data-e-type=\"container\">\n\t\t\t\t<div class=\"elementor-element elementor-element-07be602 elementor-widget elementor-widget-html\" data-id=\"07be602\" data-element_type=\"widget\" data-e-type=\"widget\" data-widget_type=\"html.default\">\n\t\t\t\t\t<iframe\n            src=\"https:\/\/www.google.com\/maps?q=Jacques+Liszt+P%C3%A9ks%C3%A9g,+Budapest&output=embed\"\n            class=\"pekseg-terkep\"\n            allowfullscreen\n            loading=\"lazy\">\n        <\/iframe>\t\t\t\t<\/div>\n\t\t\t\t<\/div>\n\t\t<div class=\"elementor-element elementor-element-852ae31 e-con-full contact-img e-flex e-con e-parent\" data-id=\"852ae31\" data-element_type=\"container\" data-e-type=\"container\" id=\"kapcsolat\" data-settings=\"{&quot;background_background&quot;:&quot;classic&quot;}\">\n\t\t\t\t<div class=\"elementor-element elementor-element-4b95491 elementor-widget elementor-widget-heading\" data-id=\"4b95491\" data-element_type=\"widget\" data-e-type=\"widget\" data-widget_type=\"heading.default\">\n\t\t\t\t\t<h2 class=\"elementor-heading-title elementor-size-default\">Kapcsolat<\/h2>\t\t\t\t<\/div>\n\t\t\t\t<div class=\"elementor-element elementor-element-2be839d elementor-widget__width-initial elementor-button-align-stretch elementor-widget elementor-widget-form\" data-id=\"2be839d\" data-element_type=\"widget\" data-e-type=\"widget\" data-settings=\"{&quot;step_next_label&quot;:&quot;Next&quot;,&quot;step_previous_label&quot;:&quot;Previous&quot;,&quot;button_width&quot;:&quot;30&quot;,&quot;step_type&quot;:&quot;number_text&quot;,&quot;step_icon_shape&quot;:&quot;circle&quot;}\" data-widget_type=\"form.default\">\n\t\t\t\t\t\t\t<form class=\"elementor-form\" method=\"post\" name=\"Kapcsolat form\" aria-label=\"Kapcsolat form\">\n\t\t\t<input type=\"hidden\" name=\"post_id\" value=\"9\"\/>\n\t\t\t<input type=\"hidden\" name=\"form_id\" value=\"2be839d\"\/>\n\t\t\t<input type=\"hidden\" name=\"referer_title\" value=\"Kezd\u0151lap - BISTRO DiViN\" \/>\n\n\t\t\t\t\t\t\t<input type=\"hidden\" name=\"queried_id\" value=\"9\"\/>\n\t\t\t\n\t\t\t<div class=\"elementor-form-fields-wrapper elementor-labels-above\">\n\t\t\t\t\t\t\t\t<div class=\"elementor-field-type-text elementor-field-group elementor-column elementor-field-group-name elementor-col-100 elementor-field-required elementor-mark-required\">\n\t\t\t\t\t\t\t\t\t\t\t\t<label for=\"form-field-name\" class=\"elementor-field-label\">\n\t\t\t\t\t\t\t\tN\u00e9v\t\t\t\t\t\t\t<\/label>\n\t\t\t\t\t\t\t\t\t\t\t\t\t\t<input size=\"1\" type=\"text\" name=\"form_fields[name]\" id=\"form-field-name\" class=\"elementor-field elementor-size-sm  elementor-field-textual\" required=\"required\">\n\t\t\t\t\t\t\t\t\t\t\t<\/div>\n\t\t\t\t\t\t\t\t<div class=\"elementor-field-type-email elementor-field-group elementor-column elementor-field-group-email elementor-col-100 elementor-field-required elementor-mark-required\">\n\t\t\t\t\t\t\t\t\t\t\t\t<label for=\"form-field-email\" class=\"elementor-field-label\">\n\t\t\t\t\t\t\t\tEmail\t\t\t\t\t\t\t<\/label>\n\t\t\t\t\t\t\t\t\t\t\t\t\t\t<input size=\"1\" type=\"email\" name=\"form_fields[email]\" id=\"form-field-email\" class=\"elementor-field elementor-size-sm  elementor-field-textual\" required=\"required\">\n\t\t\t\t\t\t\t\t\t\t\t<\/div>\n\t\t\t\t\t\t\t\t<div class=\"elementor-field-type-tel elementor-field-group elementor-column elementor-field-group-field_7f2585f elementor-col-100 elementor-field-required elementor-mark-required\">\n\t\t\t\t\t\t\t\t\t\t\t\t<label for=\"form-field-field_7f2585f\" class=\"elementor-field-label\">\n\t\t\t\t\t\t\t\tTelefonsz\u00e1m\t\t\t\t\t\t\t<\/label>\n\t\t\t\t\t\t\t\t<input size=\"1\" type=\"tel\" name=\"form_fields[field_7f2585f]\" id=\"form-field-field_7f2585f\" class=\"elementor-field elementor-size-sm  elementor-field-textual\" required=\"required\" pattern=\"[0-9()#&amp;+*-=.]+\" title=\"Csak sz\u00e1mok \u00e9s telefonsz\u00e1mokban haszn\u00e1lt karakterek (#, -, *, stb.) megengedettek.\">\n\n\t\t\t\t\t\t<\/div>\n\t\t\t\t\t\t\t\t<div class=\"elementor-field-type-textarea elementor-field-group elementor-column elementor-field-group-message elementor-col-100 elementor-field-required elementor-mark-required\">\n\t\t\t\t\t\t\t\t\t\t\t\t<label for=\"form-field-message\" class=\"elementor-field-label\">\n\t\t\t\t\t\t\t\t\u00dczenet\t\t\t\t\t\t\t<\/label>\n\t\t\t\t\t\t<textarea class=\"elementor-field-textual elementor-field  elementor-size-sm\" name=\"form_fields[message]\" id=\"form-field-message\" rows=\"4\" required=\"required\"><\/textarea>\t\t\t\t<\/div>\n\t\t\t\t\t\t\t\t<div class=\"elementor-field-type-checkbox elementor-field-group elementor-column elementor-field-group-field_5b8713a elementor-col-100\">\n\t\t\t\t\t<div class=\"elementor-field-subgroup  \"><span class=\"elementor-field-option\"><input type=\"checkbox\" value=\"Elfogadom az &lt;a href=&quot;https:\/\/bistrodivin.hu\/en\/adatkezelesi-tajekoztato\/&quot;&gt;Adatkezel\u00e9si T\u00e1j\u00e9koztat\u00f3t&lt;\/a&gt;\" id=\"form-field-field_5b8713a-0\" name=\"form_fields[field_5b8713a]\"> <label for=\"form-field-field_5b8713a-0\">Elfogadom az <a href=\"https:\/\/bistrodivin.hu\/en\/adatkezelesi-tajekoztato\/\">Adatkezel\u00e9si T\u00e1j\u00e9koztat\u00f3t<\/a><\/label><\/span><\/div>\t\t\t\t<\/div>\n\t\t\t\t\t\t\t\t<div class=\"elementor-field-group elementor-column elementor-field-type-submit elementor-col-30 e-form__buttons\">\n\t\t\t\t\t<button class=\"elementor-button elementor-size-sm\" type=\"submit\">\n\t\t\t\t\t\t<span class=\"elementor-button-content-wrapper\">\n\t\t\t\t\t\t\t\t\t\t\t\t\t\t\t\t\t\t\t\t\t\t<span class=\"elementor-button-text\">K\u00fcld\u00e9s<\/span>\n\t\t\t\t\t\t\t\t\t\t\t\t\t<\/span>\n\t\t\t\t\t<\/button>\n\t\t\t\t<\/div>\n\t\t\t<\/div>\n\t\t<\/form>\n\t\t\t\t\t\t<\/div>\n\t\t\t\t<\/div>\n\t\t\t\t<\/div>\n\t\t","protected":false},"excerpt":{"rendered":"<p>Bistro Sonkab\u00e1r P\u00e9ks\u00e9g Filoz\u00f3fi\u00e1nk 2012-ben nyitottuk meg \u00e9tterm\u00fcnk ajtaj\u00e1t DiVin Porcello n\u00e9ven \u00e9s az\u00f3ta Vend\u00e9geinkkel egy\u00fctt \u00edrtuk a t\u00f6rt\u00e9net\u00fcnket. K\u00f6zel m\u00e1sf\u00e9l \u00e9vtized ut\u00e1n \u00fagy \u00e9rezt\u00fck, ideje \u00faj fejezetet nyitni, \u00edgy 2026 tavasz\u00e1t\u00f3l \u00faj arculattal \u00e9s koncepci\u00f3val t\u00e9r\u00fcnk vissza:\u00a0BISTRO DiViN\u00a0n\u00e9ven. A megszokott helyen, \u00faj k\u00f6nt\u00f6sben v\u00e1runk: laz\u00e1bb, bisztr\u00f3s fog\u00e1sokkal \u00e9s havonta meg\u00fajul\u00f3 k\u00edn\u00e1lattal. Sonkab\u00e1runk r\u00e9gi \u00e9s [&hellip;]<\/p>\n","protected":false},"author":1,"featured_media":0,"parent":0,"menu_order":0,"comment_status":"closed","ping_status":"closed","template":"","meta":{"footnotes":""},"class_list":["post-9","page","type-page","status-publish","hentry"],"yoast_head":"<!-- This site is optimized with the Yoast SEO plugin v27.4 - https:\/\/yoast.com\/product\/yoast-seo-wordpress\/ -->\n<title>Kezd\u0151lap - BISTRO DiViN<\/title>\n<meta name=\"robots\" content=\"index, follow, max-snippet:-1, max-image-preview:large, max-video-preview:-1\" \/>\n<link rel=\"canonical\" href=\"https:\/\/bistrodivin.hu\/en\/\" \/>\n<meta property=\"og:locale\" content=\"en_US\" \/>\n<meta property=\"og:type\" content=\"article\" \/>\n<meta property=\"og:title\" content=\"Kezd\u0151lap - BISTRO DiViN\" \/>\n<meta property=\"og:description\" content=\"Bistro Sonkab\u00e1r P\u00e9ks\u00e9g Filoz\u00f3fi\u00e1nk 2012-ben nyitottuk meg \u00e9tterm\u00fcnk ajtaj\u00e1t DiVin Porcello n\u00e9ven \u00e9s az\u00f3ta Vend\u00e9geinkkel egy\u00fctt \u00edrtuk a t\u00f6rt\u00e9net\u00fcnket. K\u00f6zel m\u00e1sf\u00e9l \u00e9vtized ut\u00e1n \u00fagy \u00e9rezt\u00fck, ideje \u00faj fejezetet nyitni, \u00edgy 2026 tavasz\u00e1t\u00f3l \u00faj arculattal \u00e9s koncepci\u00f3val t\u00e9r\u00fcnk vissza:\u00a0BISTRO DiViN\u00a0n\u00e9ven. A megszokott helyen, \u00faj k\u00f6nt\u00f6sben v\u00e1runk: laz\u00e1bb, bisztr\u00f3s fog\u00e1sokkal \u00e9s havonta meg\u00fajul\u00f3 k\u00edn\u00e1lattal. Sonkab\u00e1runk r\u00e9gi \u00e9s [&hellip;]\" \/>\n<meta property=\"og:url\" content=\"https:\/\/bistrodivin.hu\/en\/\" \/>\n<meta property=\"og:site_name\" content=\"BISTRO DiViN\" \/>\n<meta property=\"article:modified_time\" content=\"2026-03-13T13:24:54+00:00\" \/>\n<meta property=\"og:image\" content=\"https:\/\/bistrodivin.hu\/wp-content\/uploads\/2026\/03\/rolunk-1.webp\" \/>\n\t<meta property=\"og:image:width\" content=\"1920\" \/>\n\t<meta property=\"og:image:height\" content=\"1080\" \/>\n\t<meta property=\"og:image:type\" content=\"image\/webp\" \/>\n<meta name=\"twitter:card\" content=\"summary_large_image\" \/>\n<meta name=\"twitter:label1\" content=\"Est. reading time\" \/>\n\t<meta name=\"twitter:data1\" content=\"1 minute\" \/>\n<script type=\"application\/ld+json\" class=\"yoast-schema-graph\">{\"@context\":\"https:\\\/\\\/schema.org\",\"@graph\":[{\"@type\":\"WebPage\",\"@id\":\"https:\\\/\\\/bistrodivin.hu\\\/\",\"url\":\"https:\\\/\\\/bistrodivin.hu\\\/\",\"name\":\"Kezd\u0151lap - BISTRO DiViN\",\"isPartOf\":{\"@id\":\"https:\\\/\\\/bistrodivin.hu\\\/#website\"},\"primaryImageOfPage\":{\"@id\":\"https:\\\/\\\/bistrodivin.hu\\\/#primaryimage\"},\"image\":{\"@id\":\"https:\\\/\\\/bistrodivin.hu\\\/#primaryimage\"},\"thumbnailUrl\":\"https:\\\/\\\/bistrodivin.hu\\\/wp-content\\\/uploads\\\/2026\\\/03\\\/rolunk-1.webp\",\"datePublished\":\"2026-03-10T16:04:04+00:00\",\"dateModified\":\"2026-03-13T13:24:54+00:00\",\"breadcrumb\":{\"@id\":\"https:\\\/\\\/bistrodivin.hu\\\/#breadcrumb\"},\"inLanguage\":\"en-US\",\"potentialAction\":[{\"@type\":\"ReadAction\",\"target\":[\"https:\\\/\\\/bistrodivin.hu\\\/\"]}]},{\"@type\":\"ImageObject\",\"inLanguage\":\"en-US\",\"@id\":\"https:\\\/\\\/bistrodivin.hu\\\/#primaryimage\",\"url\":\"https:\\\/\\\/bistrodivin.hu\\\/wp-content\\\/uploads\\\/2026\\\/03\\\/rolunk-1.webp\",\"contentUrl\":\"https:\\\/\\\/bistrodivin.hu\\\/wp-content\\\/uploads\\\/2026\\\/03\\\/rolunk-1.webp\"},{\"@type\":\"BreadcrumbList\",\"@id\":\"https:\\\/\\\/bistrodivin.hu\\\/#breadcrumb\",\"itemListElement\":[{\"@type\":\"ListItem\",\"position\":1,\"name\":\"Home\",\"item\":\"https:\\\/\\\/bistrodivin.hu\\\/\"},{\"@type\":\"ListItem\",\"position\":2,\"name\":\"Kezd\u0151lap\"}]},{\"@type\":\"WebSite\",\"@id\":\"https:\\\/\\\/bistrodivin.hu\\\/#website\",\"url\":\"https:\\\/\\\/bistrodivin.hu\\\/\",\"name\":\"BISTRO DiViN\",\"description\":\"R\u00e9gi hely. \u00daj fejezet.\",\"publisher\":{\"@id\":\"https:\\\/\\\/bistrodivin.hu\\\/#organization\"},\"potentialAction\":[{\"@type\":\"SearchAction\",\"target\":{\"@type\":\"EntryPoint\",\"urlTemplate\":\"https:\\\/\\\/bistrodivin.hu\\\/?s={search_term_string}\"},\"query-input\":{\"@type\":\"PropertyValueSpecification\",\"valueRequired\":true,\"valueName\":\"search_term_string\"}}],\"inLanguage\":\"en-US\"},{\"@type\":\"Organization\",\"@id\":\"https:\\\/\\\/bistrodivin.hu\\\/#organization\",\"name\":\"BISTRO DiViN\",\"url\":\"https:\\\/\\\/bistrodivin.hu\\\/\",\"logo\":{\"@type\":\"ImageObject\",\"inLanguage\":\"en-US\",\"@id\":\"https:\\\/\\\/bistrodivin.hu\\\/#\\\/schema\\\/logo\\\/image\\\/\",\"url\":\"https:\\\/\\\/bistrodivin.hu\\\/wp-content\\\/uploads\\\/2026\\\/03\\\/BistroDivin_LOGOK-FF_01_1000.png\",\"contentUrl\":\"https:\\\/\\\/bistrodivin.hu\\\/wp-content\\\/uploads\\\/2026\\\/03\\\/BistroDivin_LOGOK-FF_01_1000.png\",\"width\":1000,\"height\":489,\"caption\":\"BISTRO DiViN\"},\"image\":{\"@id\":\"https:\\\/\\\/bistrodivin.hu\\\/#\\\/schema\\\/logo\\\/image\\\/\"}}]}<\/script>\n<!-- \/ Yoast SEO plugin. -->","yoast_head_json":{"title":"Kezd\u0151lap - BISTRO DiViN","robots":{"index":"index","follow":"follow","max-snippet":"max-snippet:-1","max-image-preview":"max-image-preview:large","max-video-preview":"max-video-preview:-1"},"canonical":"https:\/\/bistrodivin.hu\/en\/","og_locale":"en_US","og_type":"article","og_title":"Kezd\u0151lap - BISTRO DiViN","og_description":"Bistro Sonkab\u00e1r P\u00e9ks\u00e9g Filoz\u00f3fi\u00e1nk 2012-ben nyitottuk meg \u00e9tterm\u00fcnk ajtaj\u00e1t DiVin Porcello n\u00e9ven \u00e9s az\u00f3ta Vend\u00e9geinkkel egy\u00fctt \u00edrtuk a t\u00f6rt\u00e9net\u00fcnket. K\u00f6zel m\u00e1sf\u00e9l \u00e9vtized ut\u00e1n \u00fagy \u00e9rezt\u00fck, ideje \u00faj fejezetet nyitni, \u00edgy 2026 tavasz\u00e1t\u00f3l \u00faj arculattal \u00e9s koncepci\u00f3val t\u00e9r\u00fcnk vissza:\u00a0BISTRO DiViN\u00a0n\u00e9ven. A megszokott helyen, \u00faj k\u00f6nt\u00f6sben v\u00e1runk: laz\u00e1bb, bisztr\u00f3s fog\u00e1sokkal \u00e9s havonta meg\u00fajul\u00f3 k\u00edn\u00e1lattal. Sonkab\u00e1runk r\u00e9gi \u00e9s [&hellip;]","og_url":"https:\/\/bistrodivin.hu\/en\/","og_site_name":"BISTRO DiViN","article_modified_time":"2026-03-13T13:24:54+00:00","og_image":[{"width":1920,"height":1080,"url":"https:\/\/bistrodivin.hu\/wp-content\/uploads\/2026\/03\/rolunk-1.webp","type":"image\/webp"}],"twitter_card":"summary_large_image","twitter_misc":{"Est. reading time":"1 minute"},"schema":{"@context":"https:\/\/schema.org","@graph":[{"@type":"WebPage","@id":"https:\/\/bistrodivin.hu\/","url":"https:\/\/bistrodivin.hu\/","name":"Kezd\u0151lap - BISTRO DiViN","isPartOf":{"@id":"https:\/\/bistrodivin.hu\/#website"},"primaryImageOfPage":{"@id":"https:\/\/bistrodivin.hu\/#primaryimage"},"image":{"@id":"https:\/\/bistrodivin.hu\/#primaryimage"},"thumbnailUrl":"https:\/\/bistrodivin.hu\/wp-content\/uploads\/2026\/03\/rolunk-1.webp","datePublished":"2026-03-10T16:04:04+00:00","dateModified":"2026-03-13T13:24:54+00:00","breadcrumb":{"@id":"https:\/\/bistrodivin.hu\/#breadcrumb"},"inLanguage":"en-US","potentialAction":[{"@type":"ReadAction","target":["https:\/\/bistrodivin.hu\/"]}]},{"@type":"ImageObject","inLanguage":"en-US","@id":"https:\/\/bistrodivin.hu\/#primaryimage","url":"https:\/\/bistrodivin.hu\/wp-content\/uploads\/2026\/03\/rolunk-1.webp","contentUrl":"https:\/\/bistrodivin.hu\/wp-content\/uploads\/2026\/03\/rolunk-1.webp"},{"@type":"BreadcrumbList","@id":"https:\/\/bistrodivin.hu\/#breadcrumb","itemListElement":[{"@type":"ListItem","position":1,"name":"Home","item":"https:\/\/bistrodivin.hu\/"},{"@type":"ListItem","position":2,"name":"Kezd\u0151lap"}]},{"@type":"WebSite","@id":"https:\/\/bistrodivin.hu\/#website","url":"https:\/\/bistrodivin.hu\/","name":"BISTRO DiViN","description":"Same place. New chapter.","publisher":{"@id":"https:\/\/bistrodivin.hu\/#organization"},"potentialAction":[{"@type":"SearchAction","target":{"@type":"EntryPoint","urlTemplate":"https:\/\/bistrodivin.hu\/?s={search_term_string}"},"query-input":{"@type":"PropertyValueSpecification","valueRequired":true,"valueName":"search_term_string"}}],"inLanguage":"en-US"},{"@type":"Organization","@id":"https:\/\/bistrodivin.hu\/#organization","name":"BISTRO DiViN","url":"https:\/\/bistrodivin.hu\/","logo":{"@type":"ImageObject","inLanguage":"en-US","@id":"https:\/\/bistrodivin.hu\/#\/schema\/logo\/image\/","url":"https:\/\/bistrodivin.hu\/wp-content\/uploads\/2026\/03\/BistroDivin_LOGOK-FF_01_1000.png","contentUrl":"https:\/\/bistrodivin.hu\/wp-content\/uploads\/2026\/03\/BistroDivin_LOGOK-FF_01_1000.png","width":1000,"height":489,"caption":"BISTRO DiViN"},"image":{"@id":"https:\/\/bistrodivin.hu\/#\/schema\/logo\/image\/"}}]}},"_links":{"self":[{"href":"https:\/\/bistrodivin.hu\/en\/wp-json\/wp\/v2\/pages\/9","targetHints":{"allow":["GET"]}}],"collection":[{"href":"https:\/\/bistrodivin.hu\/en\/wp-json\/wp\/v2\/pages"}],"about":[{"href":"https:\/\/bistrodivin.hu\/en\/wp-json\/wp\/v2\/types\/page"}],"author":[{"embeddable":true,"href":"https:\/\/bistrodivin.hu\/en\/wp-json\/wp\/v2\/users\/1"}],"replies":[{"embeddable":true,"href":"https:\/\/bistrodivin.hu\/en\/wp-json\/wp\/v2\/comments?post=9"}],"version-history":[{"count":170,"href":"https:\/\/bistrodivin.hu\/en\/wp-json\/wp\/v2\/pages\/9\/revisions"}],"predecessor-version":[{"id":352,"href":"https:\/\/bistrodivin.hu\/en\/wp-json\/wp\/v2\/pages\/9\/revisions\/352"}],"wp:attachment":[{"href":"https:\/\/bistrodivin.hu\/en\/wp-json\/wp\/v2\/media?parent=9"}],"curies":[{"name":"wp","href":"https:\/\/api.w.org\/{rel}","templated":true}]}}